{"id":2523,"date":"2014-09-06T06:22:46","date_gmt":"2014-09-06T06:22:46","guid":{"rendered":"http:\/\/demo.highthemes.com\/smartscreen\/?page_id=2523"},"modified":"2021-06-28T08:49:08","modified_gmt":"2021-06-28T06:49:08","slug":"kontakt","status":"publish","type":"page","link":"https:\/\/bezpokut.sk\/index.php\/kontakt\/","title":{"rendered":"Kontakt"},"content":{"rendered":"<p><span style=\"color: #ff0000;\"><strong>www.bezpokut.sk<\/strong><\/span> | RP System s.r.o., Bratislava | Stinger Slovakia &#8211; v\u00fdhradn\u00e9 zast\u00fapenie<\/p>\n<p>+421 903 503313 || <span style=\"color: #ff0000;\"><strong>peter<\/strong><\/span>@<span style=\"color: #ff0000;\"><strong>bezpokut<\/strong>.<\/span><span style=\"color: #ff0000;\"><strong>sk<\/strong> <\/span>|| <span style=\"color: #ff0000;\"><strong>richard<\/strong><\/span>@<span style=\"color: #ff0000;\"><strong>bezpokut<\/strong>.<\/span><span style=\"color: #ff0000;\"><strong>sk<\/strong><\/span><\/p>\n<p>Kontaktova\u0165 n\u00e1s m\u00f4\u017eete aj prostredn\u00edctvom <a href=\"http:\/\/www.telegram.org\">Telegram Messenger<\/a> Okrem na\u0161ej str\u00e1nky n\u00e1jdete u\u017eito\u010dn\u00e9 inform\u00e1cie aj na Telegram kan\u00e1li <a href=\"https:\/\/t.me\/bezpokut\">https:\/\/<strong>t.me\/bezpokut<\/strong><\/a> [tento Telegram kan\u00e1l nie je majetkom RP System s.r.o.]\n<p>T\u00e1to web prezent\u00e1cia nie je internetov\u00fd obchod \/ eshop<\/p>\n","protected":false},"excerpt":{"rendered":"<p>www.bezpokut.sk | RP System s.r.o., Bratislava | Stinger Slovakia &#8211; v\u00fdhradn\u00e9 zast\u00fapenie +421 903 503313 || peter@bezpokut.sk || richard@bezpokut.sk Kontaktova\u0165 n\u00e1s m\u00f4\u017eete aj prostredn\u00edctvom Telegram Messenger Okrem na\u0161ej str\u00e1nky n\u00e1jdete u\u017eito\u010dn\u00e9 inform\u00e1cie aj na Telegram kan\u00e1li https:\/\/t.me\/bezpokut [tento Telegram kan\u00e1l nie je majetkom RP System s.r.o.] T\u00e1to web prezent\u00e1cia nie je internetov\u00fd obchod \/ eshop<\/p>\n","protected":false},"author":1,"featured_media":0,"parent":0,"menu_order":0,"comment_status":"open","ping_status":"closed","template":"","meta":{"footnotes":""},"class_list":["post-2523","page","type-page","status-publish","hentry"],"_links":{"self":[{"href":"https:\/\/bezpokut.sk\/index.php\/wp-json\/wp\/v2\/pages\/2523","targetHints":{"allow":["GET"]}}],"collection":[{"href":"https:\/\/bezpokut.sk\/index.php\/wp-json\/wp\/v2\/pages"}],"about":[{"href":"https:\/\/bezpokut.sk\/index.php\/wp-json\/wp\/v2\/types\/page"}],"author":[{"embeddable":true,"href":"https:\/\/bezpokut.sk\/index.php\/wp-json\/wp\/v2\/users\/1"}],"replies":[{"embeddable":true,"href":"https:\/\/bezpokut.sk\/index.php\/wp-json\/wp\/v2\/comments?post=2523"}],"version-history":[{"count":10,"href":"https:\/\/bezpokut.sk\/index.php\/wp-json\/wp\/v2\/pages\/2523\/revisions"}],"predecessor-version":[{"id":3104,"href":"https:\/\/bezpokut.sk\/index.php\/wp-json\/wp\/v2\/pages\/2523\/revisions\/3104"}],"wp:attachment":[{"href":"https:\/\/bezpokut.sk\/index.php\/wp-json\/wp\/v2\/media?parent=2523"}],"curies":[{"name":"wp","href":"https:\/\/api.w.org\/{rel}","templated":true}]}}