{"id":2721,"date":"2021-03-15T09:19:06","date_gmt":"2021-03-15T08:19:06","guid":{"rendered":"https:\/\/bezpokut.sk\/?page_id=2721"},"modified":"2021-04-30T18:48:27","modified_gmt":"2021-04-30T16:48:27","slug":"multaradar-cd","status":"publish","type":"page","link":"https:\/\/bezpokut.sk\/index.php\/meranie\/multaradar-cd\/","title":{"rendered":"MultaRadar CD"},"content":{"rendered":"<p>MultaRadar CD<\/p>\n<p><img loading=\"lazy\" decoding=\"async\" class=\"size-full wp-image-2967 alignright\" src=\"https:\/\/bezpokut.sk\/wp-content\/uploads\/2021\/04\/radar_multaradar_cd_tripod.jpg\" alt=\"\" width=\"300\" height=\"225\" srcset=\"https:\/\/bezpokut.sk\/wp-content\/uploads\/2021\/04\/radar_multaradar_cd_tripod.jpg 300w, https:\/\/bezpokut.sk\/wp-content\/uploads\/2021\/04\/radar_multaradar_cd_tripod-264x198.jpg 264w\" sizes=\"auto, (max-width: 300px) 100vw, 300px\" \/>MultaRadar CD patr\u00ed medzi dopplerove mera\u010de r\u00fdchlosti Zariadenie je ur\u010den\u00e9 na meranie okam\u017eitej r\u00fdchlosti prech\u00e1dzaj\u00facich vozidiel. V\u0161etky komponenty zariadenia sa montuj\u00fa na stat\u00edv alebo do motorov\u00e9ho vozidla. Radar je k dispoz\u00edcii aj vo verzii stacion\u00e1r, [MultaRadar SD580] pri\u010dom k dispoz\u00edcii s\u00fa viacer\u00e9 druhy z\u00e1stavby \u2013 TraffiTower, RoBox, alebo Climatic housing.<\/p>\n<p>Na rozdiel od konkurencie s\u00fa tieto radary vybeven\u00e9 2D radarovou technol\u00f3giou, ktor\u00e1 okrem r\u00fdchlosti meria aj vzdialenos\u0165 a na tomto z\u00e1klade automaticky identifikuje jazdn\u00e9 pruhy. Jednotliv\u00e9 vozidl\u00e1 ktor\u00e9 radar zmeral s\u00fa v\u017edy, [s malou toleranciou] na v\u0161etk\u00fdch fotografi\u00e1ch \u201czmrazen\u00e9\u201d na rovnakom mieste [tzv. poz\u00edcia na fotografovanie] Takto je zabezpe\u010den\u00e9 presn\u00e9 priradenie r\u00fdchlosti meran\u00e9mu vozidlu a teda jednozna\u010dn\u00e1 identifik\u00e1cia zmeran\u00e9ho vozidla. Oper\u00e1tor nem\u00e1 mo\u017enos\u0165 maza\u0165 vytvoren\u00e9 z\u00e1znamy.<\/p>\n<p>Technick\u00e9 \u00fadaje<\/p>\n<ul>\n<li>frekvencia: 24,100 GHz \u00b1 25 MHz<\/li>\n<li>meranie vzdialenosti &#8211; automatick\u00e1 detekcia jazdn\u00e9ho pruhu<\/li>\n<li>odklon osi ant\u00e9ny od smeru jazdy meran\u00fdch vozidiel: 20\u00b0<\/li>\n<li>rozsah merania r\u00fdchlosti: 10km\/h &#8211; 300km\/h<\/li>\n<li>po\u010det monitorovan\u00fdch jazdn\u00fdch pruhov: 6<\/li>\n<li>skuto\u010dn\u00e1 presnos\u0165 merania r\u00fdchlosti \u00b1 1km\/h [nad 100km\/h \u00b11%]<\/li>\n<li>vode a prachu odoln\u00fd &#8211; aj verzia na trojno\u017eke<\/li>\n<\/ul>\n<p>Radar pracuje v K p\u00e1sme s n\u00edzkym v\u00fdkonom a je vybaven\u00fd plochou ant\u00e9nou ktor\u00e1 m\u00e1 len minim\u00e1lne vy\u017earovanie do str\u00e1n, \u010do rob\u00ed detekciu tohoto radaru skuto\u010dne mimoriadne obtia\u017enou, aj pre tie najkvalitnej\u0161ie detektory. Navy\u0161e je mo\u017en\u00e9 prakticky neviditeln\u00e9 zabudovanie do motorov\u00e9ho vozidla. Detek\u010dn\u00e1 vzdialenos\u0165 radarov\u00fdch detektorov sa z\u010faleka ned\u00e1 porovna\u0165 s doteraz pou\u017e\u00edvan\u00fdmi radarmi Ramer 7, AD9 alebo Ramer 10. V ka\u017edom pr\u00edpade odpor\u00fa\u010dame dba\u0165 na zv\u00fd\u0161en\u00fa opatrnos\u0165, hlavne v otvoren\u00fdch priestranstv\u00e1ch bez odrazov. Nevyhnutnou podmienkou \u00faspe\u0161nej detekcie je spr\u00e1vna mont\u00e1\u017e radarovej ant\u00e9ny a nastavenie!*<\/p>\n<p><em>*Tam kde to miestne pravidl\u00e1 dovo\u013euj\u00fa!\u00a0<\/em><\/p>\n<p><img loading=\"lazy\" decoding=\"async\" class=\"alignnone size-full wp-image-2968\" src=\"https:\/\/bezpokut.sk\/wp-content\/uploads\/2021\/04\/radar_multaradar_cd_car.png\" alt=\"\" width=\"500\" height=\"382\" srcset=\"https:\/\/bezpokut.sk\/wp-content\/uploads\/2021\/04\/radar_multaradar_cd_car.png 500w, https:\/\/bezpokut.sk\/wp-content\/uploads\/2021\/04\/radar_multaradar_cd_car-300x229.png 300w, https:\/\/bezpokut.sk\/wp-content\/uploads\/2021\/04\/radar_multaradar_cd_car-259x198.png 259w\" sizes=\"auto, (max-width: 500px) 100vw, 500px\" \/><\/p>\n","protected":false},"excerpt":{"rendered":"<p>MultaRadar CD MultaRadar CD patr\u00ed medzi dopplerove mera\u010de r\u00fdchlosti Zariadenie je ur\u010den\u00e9 na meranie okam\u017eitej r\u00fdchlosti prech\u00e1dzaj\u00facich vozidiel. V\u0161etky komponenty zariadenia sa montuj\u00fa na stat\u00edv alebo do motorov\u00e9ho vozidla. Radar je k dispoz\u00edcii aj vo verzii stacion\u00e1r, [MultaRadar SD580] pri\u010dom k dispoz\u00edcii s\u00fa viacer\u00e9 druhy z\u00e1stavby \u2013 TraffiTower, RoBox, alebo Climatic housing. Na rozdiel od &#8230;<\/p>\n","protected":false},"author":2,"featured_media":0,"parent":39,"menu_order":0,"comment_status":"open","ping_status":"closed","template":"","meta":{"footnotes":""},"class_list":["post-2721","page","type-page","status-publish","hentry"],"_links":{"self":[{"href":"https:\/\/bezpokut.sk\/index.php\/wp-json\/wp\/v2\/pages\/2721","targetHints":{"allow":["GET"]}}],"collection":[{"href":"https:\/\/bezpokut.sk\/index.php\/wp-json\/wp\/v2\/pages"}],"about":[{"href":"https:\/\/bezpokut.sk\/index.php\/wp-json\/wp\/v2\/types\/page"}],"author":[{"embeddable":true,"href":"https:\/\/bezpokut.sk\/index.php\/wp-json\/wp\/v2\/users\/2"}],"replies":[{"embeddable":true,"href":"https:\/\/bezpokut.sk\/index.php\/wp-json\/wp\/v2\/comments?post=2721"}],"version-history":[{"count":5,"href":"https:\/\/bezpokut.sk\/index.php\/wp-json\/wp\/v2\/pages\/2721\/revisions"}],"predecessor-version":[{"id":2970,"href":"https:\/\/bezpokut.sk\/index.php\/wp-json\/wp\/v2\/pages\/2721\/revisions\/2970"}],"up":[{"embeddable":true,"href":"https:\/\/bezpokut.sk\/index.php\/wp-json\/wp\/v2\/pages\/39"}],"wp:attachment":[{"href":"https:\/\/bezpokut.sk\/index.php\/wp-json\/wp\/v2\/media?parent=2721"}],"curies":[{"name":"wp","href":"https:\/\/api.w.org\/{rel}","templated":true}]}}