{"id":2725,"date":"2021-03-15T09:20:29","date_gmt":"2021-03-15T08:20:29","guid":{"rendered":"https:\/\/bezpokut.sk\/?page_id=2725"},"modified":"2026-01-07T08:29:36","modified_gmt":"2026-01-07T07:29:36","slug":"polcam","status":"publish","type":"page","link":"https:\/\/bezpokut.sk\/index.php\/meranie\/polcam\/","title":{"rendered":"Polcam"},"content":{"rendered":"<p>Mobiln\u00e9 \u00fasekov\u00e9 meranie &#8211; POLCAM PC 2600 a ECII<\/p>\n<p>Zariadenie Polcam po\u013eskej v\u00fdroby sl\u00fa\u017ei na meranie r\u00fdchlosti, ako aj dokument\u00e1ciu in\u00fdch priestupkov. V z\u00e1klade je meranie r\u00fdchlosti mo\u017en\u00e9 len po\u010das jazdy. Syst\u00e9m je ale mo\u017en\u00e9 doplni\u0165 aj o radarov\u00e9 hlavy s pomocou ktor\u00fdch sa d\u00e1 mera\u0165 r\u00fdchlos\u0165 aj z pevn\u00e9ho stanoviska. Polcam je mo\u017en\u00e9 namontova\u0165 do automobilov aj na motorky. Verzia pre automobil obsahuje 2 kamery pou\u017e\u00edvan\u00e9 pri meran\u00ed r\u00fdchlosti a teda oper\u00e1tor m\u00f4\u017ee mera\u0165 r\u00fdchlos\u0165 vozidl\u00e1m id\u00facich pred policajn\u00fdm automobilom ako aj za n\u00edm. Verzia pre motorky m\u00e1 len jednu kameru vpredu.<\/p>\n<p><img loading=\"lazy\" decoding=\"async\" class=\"size-full wp-image-2928 alignleft\" src=\"https:\/\/bezpokut.sk\/wp-content\/uploads\/2021\/04\/vascar_polcam_kamera.jpg\" alt=\"\" width=\"185\" height=\"125\" \/>Kamery maj\u00fa 26 n\u00e1sobn\u00fd optick\u00fd a 12 n\u00e1sobn\u00fd digit\u00e1lny zoom a rozl\u00ed\u0161enie 720&#215;576. Kamery maj\u00fa vysok\u00fa ctlivos\u0165 a je mo\u017en\u00e9 prepn\u00fa\u0165 ich do IR re\u017eimu pre bezprobl\u00e9mov\u00fa funkciu v noci. V\u00fdrobca ud\u00e1va rozpoznate\u013enos\u0165 eviden\u010dn\u00fdch \u010d\u00edsel na cca 150m. Farebn\u00fd LCD monitor oper\u00e1tora m\u00e1 uhloprie\u010dku 7&#8243; a rozl\u00ed\u0161enie 1Megapixel Alternat\u00edvne je mo\u017en\u00e9 ako zobrazova\u0165 vyu\u017ei\u0165 aj displej palubn\u00e9ho syst\u00e9mu vozidla v ktorom je Polcam zabudovan\u00fd. Zariadenie je typovo schv\u00e1lene na meranie do r\u00fdchlosti 299,9km\/h.<\/p>\n<p>Zariadenie ako tak\u00e9 nie je mo\u017en\u00e9 detekova\u0165 ani zaru\u0161i\u0165 preto\u017ee sa vlastne jedn\u00e1 mobiln\u00fd VASCAR. Niektor\u00e9 zariadenia toto obch\u00e1dzaj\u00fa snahou o detekovanie vysiela\u010diek vo vozidl\u00e1ch s t\u00fdmto zariaden\u00edm. R\u00fdchlos\u0165 policajn\u00e9ho vozidla z\u00edskava zariadenie so sn\u00edma\u010da vlastnej r\u00fdchlosti. Meranie sp\u00fa\u0161ta obsluha manu\u00e1lne a ukon\u010denie merania m\u00f4\u017ee by\u0165 ru\u010dn\u00e9 alebo automatick\u00e9, pri\u010dom meran\u00fd \u00fasek je mo\u017en\u00e9 nastavi\u0165 v rozsahu 100m a\u017e 9999,9m. Na z\u00e1klade prejdenej dr\u00e1hy a \u010dasu vypo\u010d\u00edta Polcam priemern\u00fa r\u00fdchlos\u0165 vozidla. D\u00f4kazn\u00fdm prostriedkom je videosekvencia z cel\u00e9ho priebehu merania. Na nej s\u00fa zobrazen\u00e9 \u00fadaje o \u010dase, vlastnej r\u00fdchlosti, odpo\u010d\u00edtan\u00e1 dr\u00e1ha, \u010das, po\u010det\u00a0 impulzov a \u00fadaje GPS. Druhou varianou je pou\u017eitie prv\u00e9ho a posledn\u00e9ho sn\u00edmku z\u00e1znamu. V tomto pr\u00edpade plat\u00ed \u017ee meran\u00e9 vozdilo na poslednom sn\u00edmku mus\u00ed by\u0165 rovnako ve\u013ek\u00e9 alebo men\u0161ie ako na prvom [ak ide policajn\u00e9 vozidlo za meran\u00fdm &#8212; a naopak]. T\u00fdmto sa dosiahne to, \u017ee vzdialenos\u0165 meran\u00e9ho vozidla od vozidla s Polcamom bude rovnak\u00e1 a teda aj vypo\u010d\u00edtan\u00e1 priemern\u00e1 r\u00fdchlos\u0165 bude zodpoveda\u0165 aj r\u00fdchlosti meran\u00e9ho vozidla. Za t\u00fdmto \u00fa\u010delom je do obrazu vlo\u017een\u00e9 toleran\u010dn\u00e9 pole vo forme dvoch obd\u013a\u017enikov. V tomto toleran\u010dnom poli sa mus\u00ed nach\u00e1dza\u0165 meran\u00e9 vozdilo na prvom a poslednom sn\u00edmku.<\/p>\n<p>Pol\u00edcia pri meraniach ve\u013emi \u010dasto pou\u017e\u00edva meradlo nespr\u00e1vnym sp\u00f4sobom a ve\u013ea meran\u00ed na z\u00e1klade ktor\u00fdch s\u00fa ukladan\u00e9 sankcie je v skuto\u010dnosti neplatn\u00fdch. Pod\u013ea n\u00e1\u0161ho odborn\u00e9ho odhadu je v skuto\u010dnosti neplatn\u00fdch minim\u00e1lne 3\/4 v\u0161etk\u00fdch meran\u00ed! Preto ak ste presved\u010den\u00ed \u017ee Va\u0161a r\u00fdchlos\u0165 nezodpoved\u00e1 tomu \u010do vid\u00edte na obrazovke Polcamu a nechcete plati\u0165 zbyto\u010dne pokuty a teda sa necha\u0165 de facto okradn\u00fa\u0165 odpor\u00fa\u010dame V\u00e1m br\u00e1ni\u0165 sa.<\/p>\n<p>Polcam je ur\u010den\u00e9 meradlo. Zna\u010dka schv\u00e1len\u00e9ho typu\u00a0TSK 162\/17-021 [model ECII] a\u00a0P TSK 162\/10-014 [model PC 2600]\n<p>Mnoho \u013eud\u00ed si neuvedomuje, \u017ee ve\u013ek\u00e9mu mno\u017estvu pok\u00fat za r\u00fdchlos\u0165 by sa dalo \u013eahko vyhn\u00fa\u0165, preto\u017ee tieto pokuty zasielan\u00e9 po\u0161tou alebo ukladan\u00e9 na mieste bez toho, aby boli skontrolovan\u00e9 pokia\u013e ide o\u00a0podmienky platnosti merania \u2013 akoby sa od vodi\u010dov o\u010dak\u00e1valo, \u017ee bud\u00fa vedie\u0165, kedy je to ktor\u00e9 meranie neplatn\u00e9.<\/p>\n","protected":false},"excerpt":{"rendered":"<p>Mobiln\u00e9 \u00fasekov\u00e9 meranie &#8211; POLCAM PC 2600 a ECII Zariadenie Polcam po\u013eskej v\u00fdroby sl\u00fa\u017ei na meranie r\u00fdchlosti, ako aj dokument\u00e1ciu in\u00fdch priestupkov. V z\u00e1klade je meranie r\u00fdchlosti mo\u017en\u00e9 len po\u010das jazdy. Syst\u00e9m je ale mo\u017en\u00e9 doplni\u0165 aj o radarov\u00e9 hlavy s pomocou ktor\u00fdch sa d\u00e1 mera\u0165 r\u00fdchlos\u0165 aj z pevn\u00e9ho stanoviska. Polcam je mo\u017en\u00e9 namontova\u0165 &#8230;<\/p>\n","protected":false},"author":2,"featured_media":0,"parent":39,"menu_order":0,"comment_status":"open","ping_status":"closed","template":"","meta":{"footnotes":""},"class_list":["post-2725","page","type-page","status-publish","hentry"],"_links":{"self":[{"href":"https:\/\/bezpokut.sk\/index.php\/wp-json\/wp\/v2\/pages\/2725","targetHints":{"allow":["GET"]}}],"collection":[{"href":"https:\/\/bezpokut.sk\/index.php\/wp-json\/wp\/v2\/pages"}],"about":[{"href":"https:\/\/bezpokut.sk\/index.php\/wp-json\/wp\/v2\/types\/page"}],"author":[{"embeddable":true,"href":"https:\/\/bezpokut.sk\/index.php\/wp-json\/wp\/v2\/users\/2"}],"replies":[{"embeddable":true,"href":"https:\/\/bezpokut.sk\/index.php\/wp-json\/wp\/v2\/comments?post=2725"}],"version-history":[{"count":5,"href":"https:\/\/bezpokut.sk\/index.php\/wp-json\/wp\/v2\/pages\/2725\/revisions"}],"predecessor-version":[{"id":2930,"href":"https:\/\/bezpokut.sk\/index.php\/wp-json\/wp\/v2\/pages\/2725\/revisions\/2930"}],"up":[{"embeddable":true,"href":"https:\/\/bezpokut.sk\/index.php\/wp-json\/wp\/v2\/pages\/39"}],"wp:attachment":[{"href":"https:\/\/bezpokut.sk\/index.php\/wp-json\/wp\/v2\/media?parent=2725"}],"curies":[{"name":"wp","href":"https:\/\/api.w.org\/{rel}","templated":true}]}}