{"id":2727,"date":"2021-03-15T09:21:25","date_gmt":"2021-03-15T08:21:25","guid":{"rendered":"https:\/\/bezpokut.sk\/?page_id=2727"},"modified":"2021-04-14T17:47:38","modified_gmt":"2021-04-14T15:47:38","slug":"trucam-ii","status":"publish","type":"page","link":"https:\/\/bezpokut.sk\/index.php\/meranie\/trucam-ii\/","title":{"rendered":"TruCam II"},"content":{"rendered":"<p>TruCam II predstavuje vylep\u0161en\u00fa verziu mera\u010da LTI 20-20 TruCam. Vylep\u0161enie sa t\u00fdka hlavne kamery ktor\u00e1 u\u017e nevy\u017eaduje manu\u00e1lne ostrenie a v\u00e4\u010d\u0161ieho LCD displeja. Okrem toho bolo zv\u00fd\u0161en\u00e9 rozl\u00ed\u0161enie fotoapar\u00e1tu a pribudlo LAN pripojenie.<\/p>\n<p>Na rozdiel od predchodcu u\u017e umo\u017e\u0148uje \u0161ifrovanie z\u00e1znamov. St\u00e1le v\u0161ak nedisponuje funkciou zoom a teda z\u00e1znamy na va\u010d\u0161ie vzdialenosti nie s\u00fa a\u017e tak kvalitn\u00e9 ako napr\u00edklad u mera\u010da LaserCam 4. Zariadenie m\u00f4\u017ee by\u0165 vybaven\u00e9 aj IR pr\u00edsvitom na meranie v no\u010dn\u00fdch hodin\u00e1ch.<\/p>\n<p>Meradlo TruCam II rovnako ako predch\u00e1dzaj\u00faca verzia TruCam m\u00e1 principi\u00e1lne probl\u00e9my a pod\u013ea n\u00e1\u0161ho n\u00e1zoru by v\u00f4bec nemali by\u0165 pou\u017e\u00edvane na ukladanie sankci\u00ed u n\u00e1s ani v in\u00fdch krajin\u00e1ch.<\/p>\n<p><img loading=\"lazy\" decoding=\"async\" class=\"alignnone size-full wp-image-2892\" src=\"https:\/\/bezpokut.sk\/wp-content\/uploads\/2021\/04\/lidar_trucam_II-e1618411927816.png\" alt=\"\" width=\"500\" height=\"187\" \/><\/p>\n<p>Z\u00e1kladn\u00e9 technick\u00e9 parametre:<\/p>\n<ul>\n<li>frekvencia impulzov: 200,3Hz + VPR<\/li>\n<li>rozsah merania r\u00fdchlosti: 0km\/h &#8211; 320km\/h<\/li>\n<li>presnos\u0165 \u00b13km\/h; nad 100km\/h \u00b13%<\/li>\n<li>pre zabezpe\u010denie spr\u00e1vnosti nameran\u00fdch hodn\u00f4t v rozsahu najv\u00e4\u010d\u0161ej dovolenej chyby mus\u00ed oper\u00e1tor merania zabezpe\u010di\u0165 uhol merania men\u0161\u00ed ako je uveden\u00e9 v \u0161pecifik\u00e1cii t.j. menej ako 5\u00b0<\/li>\n<li>rozsah vzdialenost\u00ed pri meran\u00ed r\u00fdchlosti za podmienky dodr\u017eania chyby merania a \u010ditate\u013enosti E\u010cV: 30m \u2013 400m<\/li>\n<li>rozsah pracovn\u00fdch tepl\u00f4t: -10\u00b0 C to +60\u00b0 C<\/li>\n<li>kamera: 5 MPixel (2592&#215;1944) 330 mm ekvivalent<\/li>\n<li>auto focus, auto iris, auto uz\u00e1vierka, auto filter de\u0148\/noc<\/li>\n<li>display: uhloprie\u010dka 9,4cm, 480&#215;620 pixel, dotykov\u00fd<\/li>\n<\/ul>\n","protected":false},"excerpt":{"rendered":"<p>TruCam II predstavuje vylep\u0161en\u00fa verziu mera\u010da LTI 20-20 TruCam. Vylep\u0161enie sa t\u00fdka hlavne kamery ktor\u00e1 u\u017e nevy\u017eaduje manu\u00e1lne ostrenie a v\u00e4\u010d\u0161ieho LCD displeja. Okrem toho bolo zv\u00fd\u0161en\u00e9 rozl\u00ed\u0161enie fotoapar\u00e1tu a pribudlo LAN pripojenie. Na rozdiel od predchodcu u\u017e umo\u017e\u0148uje \u0161ifrovanie z\u00e1znamov. St\u00e1le v\u0161ak nedisponuje funkciou zoom a teda z\u00e1znamy na va\u010d\u0161ie vzdialenosti nie s\u00fa a\u017e &#8230;<\/p>\n","protected":false},"author":2,"featured_media":0,"parent":39,"menu_order":0,"comment_status":"open","ping_status":"closed","template":"","meta":{"footnotes":""},"class_list":["post-2727","page","type-page","status-publish","hentry"],"_links":{"self":[{"href":"https:\/\/bezpokut.sk\/index.php\/wp-json\/wp\/v2\/pages\/2727","targetHints":{"allow":["GET"]}}],"collection":[{"href":"https:\/\/bezpokut.sk\/index.php\/wp-json\/wp\/v2\/pages"}],"about":[{"href":"https:\/\/bezpokut.sk\/index.php\/wp-json\/wp\/v2\/types\/page"}],"author":[{"embeddable":true,"href":"https:\/\/bezpokut.sk\/index.php\/wp-json\/wp\/v2\/users\/2"}],"replies":[{"embeddable":true,"href":"https:\/\/bezpokut.sk\/index.php\/wp-json\/wp\/v2\/comments?post=2727"}],"version-history":[{"count":5,"href":"https:\/\/bezpokut.sk\/index.php\/wp-json\/wp\/v2\/pages\/2727\/revisions"}],"predecessor-version":[{"id":2921,"href":"https:\/\/bezpokut.sk\/index.php\/wp-json\/wp\/v2\/pages\/2727\/revisions\/2921"}],"up":[{"embeddable":true,"href":"https:\/\/bezpokut.sk\/index.php\/wp-json\/wp\/v2\/pages\/39"}],"wp:attachment":[{"href":"https:\/\/bezpokut.sk\/index.php\/wp-json\/wp\/v2\/media?parent=2727"}],"curies":[{"name":"wp","href":"https:\/\/api.w.org\/{rel}","templated":true}]}}