{"id":2782,"date":"2021-03-15T11:46:31","date_gmt":"2021-03-15T10:46:31","guid":{"rendered":"https:\/\/bezpokut.sk\/?page_id=2782"},"modified":"2021-04-14T17:42:31","modified_gmt":"2021-04-14T15:42:31","slug":"spectre-rdd","status":"publish","type":"page","link":"https:\/\/bezpokut.sk\/index.php\/meranie\/spectre-rdd\/","title":{"rendered":"Spectre RDD"},"content":{"rendered":"<p>Detektor radarov\u00fdch detektorov Spectre IV RDD<\/p>\n<p><img loading=\"lazy\" decoding=\"async\" class=\"size-full wp-image-2915 alignright\" src=\"https:\/\/bezpokut.sk\/wp-content\/uploads\/2021\/04\/spectre02.jpg\" alt=\"\" width=\"180\" height=\"167\" \/>The Spectre IV RDD, detektor radarov\u00fdch detektorov [antiradarov] je zariadenie pou\u017e\u00edvan\u00e9 pol\u00edciou na vyh\u013ead\u00e1vanie vodi\u010dov s antiradarmi. Tieto zariadenia vyvinula a vyr\u00e1ba austr\u00e1lska firma Stealth Microsystems Pty Ltd. Jedn\u00e1 sa vlastne o v\u00fdkonn\u00fd RF prij\u00edma\u010d naladen\u00fd tak\u00fdm sp\u00f4sobom aby detekoval vy\u017earovanie lok\u00e1lnych oscil\u00e1torov radarov\u00fdch detektorov [s\u00fa s\u00fa\u010das\u0165ou v\u0161etkych superheterodynn\u00fdch prij\u00edma\u010dov &#8211; antiradarov] a akusticky a vizu\u00e1lne upozornil oper\u00e1tora ak je antiradar v prev\u00e1dzke. Zariadenie m\u00e1 smerov\u00e9 vlastnosti. V hustej prem\u00e1vke nie je jednozna\u010dn\u00e1 identifik\u00e1cia vozidla s antiradarom jednoduch\u00e1 a vy\u017eaduje \u010das. Oper\u00e1tor mo\u017ee zariadenie ot\u00e1\u010da\u0165 o 360\u00b0 a pod\u013ea intenzity poplachu vytipova\u0165 podozriv\u00e9 vozidlo.<\/p>\n<p>Nie je d\u00f4vod na paniku preto\u017ee zariadenia Spectre RDD sa u n\u00e1s nepou\u017eivaj\u00fa. Tento \u010dl\u00e1nok m\u00e1 informat\u00edvny charakter. Pod\u013ea dostupn\u00fdch inform\u00e1ci\u00ed sa s nimi m\u00f4\u017eete stretn\u00fa\u0165 napr. v Holandsku, Belgicku, Franc\u00fazsku, \u0160panielsku, Est\u00f3nsku, F\u00ednsku a s ve\u013ekou pravdepodobnos\u0165ou aj v \u0160vaj\u010diarsku. Niektor\u00e9 zariadenia s\u00fa elektronicky nezistite\u013en\u00e9 RDD Spectre. Aj technika jazdy a reakcie vodi\u010da m\u00f4\u017eu up\u00fatava\u0165 ne\u017eelan\u00fa pozornos\u0165. Napr\u00edklad prudk\u00e9 brzdenie pri poplachu.<\/p>\n","protected":false},"excerpt":{"rendered":"<p>Detektor radarov\u00fdch detektorov Spectre IV RDD The Spectre IV RDD, detektor radarov\u00fdch detektorov [antiradarov] je zariadenie pou\u017e\u00edvan\u00e9 pol\u00edciou na vyh\u013ead\u00e1vanie vodi\u010dov s antiradarmi. Tieto zariadenia vyvinula a vyr\u00e1ba austr\u00e1lska firma Stealth Microsystems Pty Ltd. Jedn\u00e1 sa vlastne o v\u00fdkonn\u00fd RF prij\u00edma\u010d naladen\u00fd tak\u00fdm sp\u00f4sobom aby detekoval vy\u017earovanie lok\u00e1lnych oscil\u00e1torov radarov\u00fdch detektorov [s\u00fa s\u00fa\u010das\u0165ou v\u0161etkych superheterodynn\u00fdch &#8230;<\/p>\n","protected":false},"author":2,"featured_media":0,"parent":39,"menu_order":0,"comment_status":"open","ping_status":"closed","template":"","meta":{"footnotes":""},"class_list":["post-2782","page","type-page","status-publish","hentry"],"_links":{"self":[{"href":"https:\/\/bezpokut.sk\/index.php\/wp-json\/wp\/v2\/pages\/2782","targetHints":{"allow":["GET"]}}],"collection":[{"href":"https:\/\/bezpokut.sk\/index.php\/wp-json\/wp\/v2\/pages"}],"about":[{"href":"https:\/\/bezpokut.sk\/index.php\/wp-json\/wp\/v2\/types\/page"}],"author":[{"embeddable":true,"href":"https:\/\/bezpokut.sk\/index.php\/wp-json\/wp\/v2\/users\/2"}],"replies":[{"embeddable":true,"href":"https:\/\/bezpokut.sk\/index.php\/wp-json\/wp\/v2\/comments?post=2782"}],"version-history":[{"count":2,"href":"https:\/\/bezpokut.sk\/index.php\/wp-json\/wp\/v2\/pages\/2782\/revisions"}],"predecessor-version":[{"id":2916,"href":"https:\/\/bezpokut.sk\/index.php\/wp-json\/wp\/v2\/pages\/2782\/revisions\/2916"}],"up":[{"embeddable":true,"href":"https:\/\/bezpokut.sk\/index.php\/wp-json\/wp\/v2\/pages\/39"}],"wp:attachment":[{"href":"https:\/\/bezpokut.sk\/index.php\/wp-json\/wp\/v2\/media?parent=2782"}],"curies":[{"name":"wp","href":"https:\/\/api.w.org\/{rel}","templated":true}]}}